{"id":259,"date":"2018-12-28T11:57:52","date_gmt":"2018-12-28T11:57:52","guid":{"rendered":"http:\/\/icee.icom.cust.oxymium.net\/conferences\/conferences-passees\/2006-paris-the-exhibition-an-instrument-of-dialogue-between-cultures\/"},"modified":"2018-12-28T11:58:54","modified_gmt":"2018-12-28T11:58:54","slug":"2006-paris-the-exhibition-an-instrument-of-dialogue-between-cultures","status":"publish","type":"page","link":"https:\/\/icom-exhibitions.mini.icom.museum\/fr\/conferences\/conferences-passees\/2006-paris-the-exhibition-an-instrument-of-dialogue-between-cultures\/","title":{"rendered":"2006 &#8211; Paris : The Exhibition &#8211; An Instrument of Dialogue between Cultures"},"content":{"rendered":"<div id=\"RTE_CONTENT\"> <!--TYPO3SEARCH_begin--> \t<!--  CONTENT ELEMENT, uid:5686\/text [begin] --> \t\t<\/p>\n<div id=\"c5686\"> \t\t<!--  Text: [begin] --> \t\t\t<\/p>\n<hr>\n<h3>Paris<br \/>November 6-8, 2006<\/h3>\n<p>\u00a0<\/p>\n<h4>Monday, November 6, 2006<\/h4>\n<p>Mus\u00e9um National d&#8217;Histoire Naturelle, Auditorium de la Grande Gal\u00e9rie de l&#8217;\u00c9volution, Jardin des Plantes, 36 rue Geoffroy Saint Hilaire<\/p>\n<ul>\n<li>10:00-10:30 Registration and Tour Selection<\/li>\n<\/ul>\n<ul>\n<li>10:30-11:30 Opening Session<\/li>\n<\/ul>\n<blockquote>\n<p>\u2022 Francois Tremblay (Mus\u00e9e de la Civilisation Qu\u00e9bec, ICEE President): Opening Remarks<br \/>\u2022 Bertrand-Pierre Galey (Director-General, Mus\u00e9um National d&#8217;Histoire Naturelle): Welcome<br \/>\u2022 Jean-Michel Van Pra\u00ebt (Director, Department of the Exhibition Galleries, Mus\u00e9um national d&#8217;Histoire naturelle, Member of the Executive Board of ICOM): Keynote Address<\/p>\n<\/blockquote>\n<ul>\n<li>11:30-12:00 Questions and Discussion (Moderator: Francois Tremblay)<\/li>\n<\/ul>\n<ul>\n<li>12:00-14:00 Lunch (on your own)<\/li>\n<\/ul>\n<ul>\n<li>14:00-16:00 Session 1: The Exhibition &#8211; An instrument of dialogue between cultures (Moderator: John Coppola, Independent Museum Consultant)<\/li>\n<\/ul>\n<blockquote>\n<p>Sophia Vackimes (Max Planck Institute for the History of Science, Berlin)<\/p>\n<\/blockquote>\n<ul>\n<li>16:00-18:30 Marketplace of Exhibitions and Ideas (Moderator: Karl-Heinz Ziessow, Open Air Museum Cloppenburg &#8211; for participation contact ziessow@ballodora.de)<\/li>\n<\/ul>\n<blockquote>\n<p>\u2022 Alex Susanna (South Tyrol Museum of Archaeology, Italy): New Touring Exhibitions<br \/>\u2022 Judith W.J. Wang (National Taiwan Museum of Fine Arts): Macro Vision, Micro Analysis, Multiple Reflections &#8211; Contemporary Art in Taiwan since 1987<br \/>\u2022 Afshan Heuer (Pully, Switzerland): Travelling Exhibitions as an International Communicative Medium<br \/>\u2022 Jeanne Verhulst (George Eastman House, Rochester, NY): Why Look At Animals? &#8211; Pete Turner: Empowered by Color &#8211; Paris: Eugene Atget and Christopher Rauschenberg<br \/>\u2022 Nancy Zinn (The Walters Art Museum, Baltimore): New Exhibition Offerings from The Walters Art Museum, Baltimore<br \/>\u2022 Shosh Yaniv (Tower of David &#8211; Museum of The History of Jerusalem): &#8220;Soundscapes&#8221; &#8211; New Acoustic Vistas in Jerusalem<br \/>\u2022 Nicolas A. Gauvin (Canadian Museum of Civilization): Ongoing and new exhibition projects at the Canadian Museum of Civilization<br \/>\u2022 Robin Groesbeck (The Field Museum, Chicago): New Exhibitions from The Field Museum<br \/>\u2022 Tony Glen (Canadian War Museum): Recent Partnership Projects and Exhibtion Projects of the Canadian War Museum<br \/>\u2022 Carolyne Krummenacker (LORDCulture): Work with Museums for Touring Exhibitions<\/p>\n<\/blockquote>\n<ul>\n<li>18:30-19:00 Annual General Meeting<\/li>\n<\/ul>\n<ul>\n<li>19:00-21:00 Reception at the Grande Gal\u00e9rie de l&#8217;\u00c9volution<\/li>\n<\/ul>\n<p>\u00a0<\/p>\n<h4>Tuesday, November 7, 2006 &#8211; Morning<\/h4>\n<p>Mus\u00e9um National d&#8217;Histoire Naturelle, Auditorium de la Grande Gal\u00e9rie de l&#8217;\u00c9volution, Jardin des Plantes, 36 rue Geoffroy Saint Hilaire<\/p>\n<ul>\n<li>10:00-11:30 Session 2: Language &amp; Literacy (Moderator: Nicolas Gauvin, Canadian Museum of Civilizitation, Gatineau)<\/li>\n<\/ul>\n<blockquote>\n<p>\u2022 Helene Larsson (Riksutst\u00e4llningar, Swedish Travelling Exhibitions)<br \/>\u2022 Moira McCaffrey (Director, Research and Exhibitions, McCord Museum, Montreal)<br \/>\u2022 Helene Larsson (Riksutst\u00e4llningar, Swedish Travelling Exhibitions)<\/p>\n<\/blockquote>\n<ul>\n<li>11:30-12:00 Networking Break<\/li>\n<\/ul>\n<ul>\n<li>12:00-13:30 Session 3: Reaching Out to Minority Communities (Moderator: Mats Widbom, Cultural Counselor, Embassy of Sweden, Washington, DC)<\/li>\n<\/ul>\n<blockquote>\n<p>\u2022 Diana Pardue (Statue of Liberty National Museum, New York)<br \/>\u2022 H\u00e9l\u00e8ne Lafont-Couturier (Director, Mus\u00e9e d&#8217;Aquitaine, Bordeaux)<\/p>\n<\/blockquote>\n<ul>\n<li>13:30-15:00 Lunch &amp; Travel to Quai Branly (on your own)<\/li>\n<\/ul>\n<p>\u00a0<\/p>\n<h4>Tuesday, November 7, 2006 &#8211; Afternoon<\/h4>\n<p>Mus\u00e9e du Quai Branly, 37 Quai Branly &#8211; Portail Debilly<\/p>\n<ul>\n<li>15:00-17:00 Session 4: Mus\u00e9e du Quai Branly &#8211; A Different Perspective (Moderator: Nancy Zinn, The Walters Art Museum, Baltimore)<\/li>\n<\/ul>\n<blockquote>\n<p>\u2022 St\u00e9phane Martin (Director, Mus\u00e9e du Quai Branly): Welcome<br \/>\u2022 Laurence Reculet (Charg\u00e9e de mission aupr\u00e8s du Pr\u00e9sident, et relations institutionelles, Mus\u00e9e du Quai Branly))<br \/>\u2022 A tour of the Quai Branly galleries will follow the session.<\/p>\n<\/blockquote>\n<p>\u00a0<\/p>\n<h4>Wednesday, November 8, 2006 &#8211; Morning<\/h4>\n<ul>\n<li>10:00-12:30 Study Tours: A look behind the SCENES<\/li>\n<\/ul>\n<blockquote>\n<p>\u2022 Centre Pompidou (Coordinator: John Coppola): We will be greeted by Jean-Pierre Mohen (Directeur Patrimoine et Collections), Camille Morineau (Commissaire), Katia Lafitte (Architecte et Scenographe), Philippe Puicouyoul (Producer of the exhibition: Yves Klein, Body, colour, immaterial) &gt;&gt; Centre Pompidou<br \/>\u2022 Mus\u00e9e des Arts et M\u00e9tiers (Coordinator: Francois Tremblay): We will be greeted by Dr. Anne-Catherine Hauglustaine (Directeur, D\u00e9partement Expositions et \u00c9ditions B\u00e9tons). A special visit will be provided of the exhibition: B\u00e9tons, \u00e9tonnez-vous! &gt;&gt; Mus\u00e9e des arts et m\u00e9tiers<br \/>\u2022 Mus\u00e9e du Louvre (Coordinator: Nancy Zinn): We will be greeted by Guillaume Faroult (Curator of the William Hogarth exhibition) &gt;&gt; Louvre<\/p>\n<\/blockquote>\n<ul>\n<li>12:30-14:00 Lunch &amp; Travel to Swedish Cultural Center (on your own)<\/li>\n<\/ul>\n<p>\u00a0<\/p>\n<h4>Wednesday, November 8, 2006 &#8211; Afternoon<\/h4>\n<p>Centre Culturel Su\u00e9dois &#8211; Swedish Cultural Center, 11 Rue Payenne<\/p>\n<ul>\n<li>14:00-15:30 Session 5: New Directions (Moderator: Jane English, American Museum of Natural History, New York)<\/li>\n<\/ul>\n<blockquote>\n<p>\u2022 Jacqueline Eidelman (chercheur, Centre de recherche sur les liens sociaux, CNRS\/Paris 5<br \/>\u2022 B\u00e9n\u00e9dicte Boissonnas (former Head of Exhibition Department, R\u00e9union des Mus\u00e9es Nationaux)<br \/>\u2022 15:30-16:30 Closing Remarks: ICEE 2006 (Nancy Zinn, The Walters Art Museum, Baltimore)<br \/>\u2022 Evening Farewell Reception at the Swedish Cultural Centre \/ CCS<br \/>\u2022 Annika Levin (Director of CCS and Cultural Counselor of Sweden in France): Welcome<br \/>\u2022 Maria Ridelberg Lemoine (Curator): The Exhibition &#8220;Mois de la Photo&#8221;<br \/>\u2022 Dinner<\/p>\n<\/blockquote>\n<p> \t\t<!--  Text: [end] --> \t\t\t   \t<!--  \t\tBEGIN: Content of extension \"hpo_relatedlink\", plugin \"tx_hporelatedlink_pi1\"  \t--> \t<\/p>\n<div> \t\t \t<\/div>\n<p> \t \t<!-- END: Content of extension \"hpo_relatedlink\", plugin \"tx_hporelatedlink_pi1\" -->  \t<\/div>\n<p> \t<!--  CONTENT ELEMENT, uid:5686\/text [end] --> \t\t \t<!--  CONTENT ELEMENT, uid:5739\/templavoila_pi1 [begin] --> \t\t<\/p>\n<div id=\"c5739\"> \t\t<!--  Header: [begin] --> \t\t\t<\/p>\n<h2>2005 Amsterdam<\/h2>\n<p> \t\t<!--  Header: [end] --> \t\t\t     <\/p>\n<div><\/div>\n<p>    \t<!--  \t\tBEGIN: Content of extension \"hpo_relatedlink\", plugin \"tx_hporelatedlink_pi1\"  \t--> \t<\/p>\n<div> \t\t \t<\/div>\n<p> \t \t<!-- END: Content of extension \"hpo_relatedlink\", plugin \"tx_hporelatedlink_pi1\" -->  \t<\/div>\n<p> \t<!--  CONTENT ELEMENT, uid:5739\/templavoila_pi1 [end] --> \t\t<!--TYPO3SEARCH_end--> <\/div>\n","protected":false},"excerpt":{"rendered":"<p>ParisNovember 6-8, 2006 \u00a0 Monday, November 6, 2006 Mus\u00e9um National d&#8217;Histoire Naturelle, Auditorium de la Grande Gal\u00e9rie de l&#8217;\u00c9volution, Jardin des Plantes, 36 rue Geoffroy Saint Hilaire 10:00-10:30 Registration and Tour Selection 10:30-11:30 Opening Session \u2022 Francois Tremblay (Mus\u00e9e de la Civilisation Qu\u00e9bec, ICEE President): Opening Remarks\u2022 Bertrand-Pierre Galey (Director-General, Mus\u00e9um National d&#8217;Histoire Naturelle): Welcome\u2022 [&hellip;]<\/p>\n","protected":false},"author":1,"featured_media":0,"parent":143,"menu_order":9,"comment_status":"closed","ping_status":"closed","template":"","meta":{"footnotes":""},"yst_prominent_words":[],"acf":[],"_links":{"self":[{"href":"https:\/\/icom-exhibitions.mini.icom.museum\/fr\/wp-json\/wp\/v2\/pages\/259"}],"collection":[{"href":"https:\/\/icom-exhibitions.mini.icom.museum\/fr\/wp-json\/wp\/v2\/pages"}],"about":[{"href":"https:\/\/icom-exhibitions.mini.icom.museum\/fr\/wp-json\/wp\/v2\/types\/page"}],"author":[{"embeddable":true,"href":"https:\/\/icom-exhibitions.mini.icom.museum\/fr\/wp-json\/wp\/v2\/users\/1"}],"replies":[{"embeddable":true,"href":"https:\/\/icom-exhibitions.mini.icom.museum\/fr\/wp-json\/wp\/v2\/comments?post=259"}],"version-history":[{"count":1,"href":"https:\/\/icom-exhibitions.mini.icom.museum\/fr\/wp-json\/wp\/v2\/pages\/259\/revisions"}],"predecessor-version":[{"id":470,"href":"https:\/\/icom-exhibitions.mini.icom.museum\/fr\/wp-json\/wp\/v2\/pages\/259\/revisions\/470"}],"up":[{"embeddable":true,"href":"https:\/\/icom-exhibitions.mini.icom.museum\/fr\/wp-json\/wp\/v2\/pages\/143"}],"wp:attachment":[{"href":"https:\/\/icom-exhibitions.mini.icom.museum\/fr\/wp-json\/wp\/v2\/media?parent=259"}],"wp:term":[{"taxonomy":"yst_prominent_words","embeddable":true,"href":"https:\/\/icom-exhibitions.mini.icom.museum\/fr\/wp-json\/wp\/v2\/yst_prominent_words?post=259"}],"curies":[{"name":"wp","href":"https:\/\/api.w.org\/{rel}","templated":true}]}}