{"id":315,"date":"2018-12-28T11:58:17","date_gmt":"2018-12-28T11:58:17","guid":{"rendered":"http:\/\/icee.icom.cust.oxymium.net\/conferences\/conferences-passees\/2010-shanghai-museums-for-social-harmony-2\/"},"modified":"2018-12-28T11:58:53","modified_gmt":"2018-12-28T11:58:53","slug":"2010-shanghai-museums-for-social-harmony-2","status":"publish","type":"page","link":"https:\/\/icom-exhibitions.mini.icom.museum\/fr\/conferences\/conferences-passees\/2010-shanghai-museums-for-social-harmony-2\/","title":{"rendered":"2010 &#8211; Shangha\u00ef : Museums for Social Harmony"},"content":{"rendered":"<div id=\"RTE_CONTENT\"> <!--TYPO3SEARCH_begin--> \t<!--  CONTENT ELEMENT, uid:5612\/textpic [begin] --> \t\t<\/p>\n<div id=\"c5612\"> \t\t<!--  Image block: [begin] --> \t\t\t<\/p>\n<div>\n<div> \t\t<!--  Text: [begin] --> \t\t\t<\/p>\n<p>\u00a0<\/p>\n<\/p>\n<hr>\n<\/p>\n<p><img decoding=\"async\" mce_src=\"images\/stories\/iceetepapa2008\/iceelogokl.jpg\" src=\"http:\/\/icee.mini.icom.museum\/wp-content\/uploads\/sites\/14\/2018\/12\/RTEmagicC_086b651bee.jpg.jpg\" alt=\"icee logo\" title=\"ICEE Logo\" align=\"left\"><img decoding=\"async\" mce_src=\"images\/stories\/iceeshanghai2010\/icom2010logo.png\" src=\"http:\/\/icee.mini.icom.museum\/wp-content\/uploads\/sites\/14\/2018\/12\/RTEmagicC_80cf831585.png.png\" alt=\"logo museum field museum chicago\" title=\"Logo Field Museum\" align=\"right\"><\/p>\n<p>\u00a0<\/p>\n<p>\u00a0<\/p>\n<p>\u00a0<\/p>\n<p>\u00a0<\/p>\n<p>\u00a0<\/p>\n<p>\u00a0<\/p>\n<p><span><b>\u00a0\u00a0\u00a0\u00a0\u00a0\u00a0\u00a0\u00a0\u00a0\u00a0\u00a0\u00a0\u00a0\u00a0\u00a0\u00a0\u00a0\u00a0\u00a0\u00a0\u00a0\u00a0\u00a0\u00a0\u00a0\u00a0\u00a0\u00a0\u00a0\u00a0\u00a0\u00a0\u00a0\u00a0\u00a0\u00a0\u00a0\u00a0\u00a0\u00a0\u00a0\u00a0\u00a0\u00a0\u00a0\u00a0\u00a0\u00a0\u00a0\u00a0 ICEE <\/b><\/span><span><b>2010<\/b><\/span><\/p>\n<p>\u00a0<\/p>\n<p><span><i><b>\u00a0\u00a0\u00a0\u00a0\u00a0\u00a0\u00a0\u00a0\u00a0\u00a0\u00a0\u00a0\u00a0\u00a0\u00a0\u00a0\u00a0\u00a0\u00a0\u00a0\u00a0\u00a0\u00a0\u00a0\u00a0\u00a0\u00a0\u00a0\u00a0\u00a0\u00a0\u00a0\u00a0 Museums for Social Harmony<\/b><\/i><\/span><\/p>\n<p><a mce_href=\"..\/images\/stories\/iceeshanghai2010\/ICEE%20Preliminary%20Program%20and%20Registration%20Form%20%284-27-10%29.pdf\" target=\"_blank\" href=\"http:\/\/www.ballodora.de\/images\/stories\/iceeshanghai2010\/ICEE%20Preliminary%20Program%20and%20Registration%20Form%20%284-27-10%29.pdf\" title=\"ICEE - Program Shanghai 2010\"><br \/><\/a><\/p>\n<p><span><b>\u00a0\u00a0\u00a0\u00a0\u00a0\u00a0\u00a0\u00a0\u00a0\u00a0\u00a0\u00a0\u00a0\u00a0\u00a0\u00a0\u00a0\u00a0\u00a0\u00a0\u00a0\u00a0\u00a0\u00a0\u00a0\u00a0\u00a0\u00a0\u00a0\u00a0\u00a0\u00a0\u00a0\u00a0\u00a0\u00a0\u00a0\u00a0 November <\/b><\/span><span><b>8-10, 2010<\/b><\/span><\/p>\n<p><span><\/span><\/p>\n<p>\u00a0\u00a0\u00a0\u00a0\u00a0\u00a0\u00a0\u00a0\u00a0\u00a0\u00a0\u00a0\u00a0\u00a0\u00a0\u00a0\u00a0\u00a0\u00a0\u00a0\u00a0\u00a0\u00a0\u00a0\u00a0\u00a0\u00a0\u00a0\u00a0\u00a0\u00a0\u00a0 \u00a0 \u00a0 \u00a0 \u00a0  <a mce_href=\"conferences\/8-years\/31-icee-program-shanghai-2010-es\" href=\"http:\/\/www.ballodora.de\/icee\/conferences\/8-years\/31-icee-program-shanghai-2010-es\" title=\"ICEE 2010 - Spanish\">SPANISH<\/a> \u2666 <a mce_href=\"conferences\/8-years\/30-icee-program-shanghai-2010-fr\" href=\"http:\/\/www.ballodora.de\/icee\/conferences\/8-years\/30-icee-program-shanghai-2010-fr\" title=\"ICEE 2010 - French\">FRENCH<\/a><\/p>\n<p>\u00a0\u00a0\u00a0\u00a0\u00a0\u00a0\u00a0\u00a0\u00a0\u00a0\u00a0\u00a0\u00a0\u00a0\u00a0\u00a0\u00a0\u00a0\u00a0\u00a0\u00a0\u00a0\u00a0\u00a0\u00a0\u00a0\u00a0\u00a0 \u00a0 \u00a0 \u00a0 \u00a0\u00a0\u00a0\u00a0 &gt;&gt;&gt;<a mce_href=\"images\/stories\/iceeshanghai2010\/ICEEShanghaiEnglishFinal.pdf\" target=\"_blank\" href=\"http:\/\/www.ballodora.de\/icee\/images\/stories\/iceeshanghai2010\/ICEEShanghaiEnglishFinal.pdf\" title=\"ICEE - Program Shanghai 2010\"> pdf-version<\/a> &lt;&lt;&lt;<\/p>\n<p>\u00a0 <\/p>\n<p>\u00a0<\/p>\n<p><span><b>Monday, November 8, 2010<br \/><\/b><\/span><\/p>\n<blockquote>\n<p>\u2022<span> <\/span><span>09:00-13:00<b>\u00a0 ICOM General Assembly and Keynote Speeches<\/b><\/span><br \/>\u2022<span> <\/span><span>14:30-17:00\u00a0 <\/span><span><b>ICEE Annual Business Meeting<\/b><\/span> <\/p>\n<\/p>\n<blockquote>\n<p><span>Discussion of ICEE Activities for 2010-2013: Nancy E. Zinn, ICEE President, Associate Director for Collections and Exhibitions, The Walters Art Museum, Baltimore, USA <a mce_href=\"mailto:nzinn@thewalters.org\" href=\"mailto:nzinn@thewalters.org\">nzinn@thewalters.org<\/a><\/span><\/p>\n<p><span>Board Elections for 2010-2013: Nicolas Gauvin, ICEE Secretary, Director of Traveling Exhibitions, Planning, and Partnerships, Canadian Museum of Civilization, Gatineau, Canada <a mce_href=\"mailto:nicolas.gauvin@civilisations.ca\" href=\"mailto:nicolas.gauvin@civilisations.ca\">nicolas.gauvin@civilisations.ca<\/a><\/span><\/p>\n<\/blockquote>\n<\/blockquote>\n<p><span><b>Tuesday<\/b><\/span><span><b>, November 9, 2010<\/b><\/span><\/p>\n<blockquote>\n<p>\u2022 <span>08:00-18:00 <b>Study Tours at Shanghai Area Museums<\/b><\/span><\/p>\n<\/blockquote>\n<blockquote>\n<blockquote>\n<p>Bus departs from the Jinjiang Tower Hotel promptly at 8:15 am.<br \/>All day excursion includes bus, tour guide, and lunch.<br \/><b>Limited to 50 participants; ICEE members only.<\/b><br \/>Pre-registration required. <\/p>\n<\/blockquote>\n<p>\u2022 <span>18:00-19:30 <\/span><span><b>Reception for ICEE and ICME Members at Shanghai Museum<\/b><\/span><\/p>\n<\/blockquote>\n<blockquote>\n<blockquote>\n<p><span>Pre-registration required.<br \/>Coordinator: Xiuqin Zhou, Senior Registrar, University of Pennsylvania Museum of Archaeology and Anthropology, Philadelphia, USA <a mce_href=\"mailto:xzhou@upenn.edu\" href=\"mailto:xzhou@upenn.edu\">xzhou@upenn.edu<\/a><br \/><\/span><\/p>\n<\/blockquote>\n<\/blockquote>\n<p><span><b>Wednesday, November 10, 2010<\/b><\/span><\/p>\n<blockquote>\n<p>\u2022 <span>09:30-12:00\u00a0<\/span><span><b><i>Exchanging Meaning, <\/i><\/b>Joint Panel Session, Co-organized by ICEE and ICME<\/span><\/p>\n<\/blockquote>\n<blockquote>\n<p>\u2022 <span>09:30-10:30<\/span><span><b> <\/b><\/span><span><b>Part I: Defining Categories of Artifacts<\/b><\/span><\/p>\n<blockquote>\n<p>Moderator: Anette Rein, Institut f\u00fcr Ethnologie und Afrikastudien, Johannes Gutenberg-Universit\u00e4t, Mainz, Germany <a mce_href=\"mailto:ar_welten@yahoo.de\" href=\"mailto:ar_welten@yahoo.de\">ar_welten@yahoo.de<\/a><\/p>\n<\/blockquote>\n<blockquote>\n<p>Speakers:<\/p>\n<\/blockquote>\n<blockquote>\n<ul>\n<li>Steven Engelsman, Director, Museum Volkenkunde, Leiden, Netherlands<\/li>\n<li>Tanja Rozenberger, Museum of Recent History, Celje, Slovenia<\/li>\n<li>Amareswar Galla, University of Queensland, Australia<\/li>\n<\/ul>\n<\/blockquote>\n<\/blockquote>\n<blockquote>\n<p>\u00a0\u2022 10:30-11:00 <b>Coffee and Tea Break<\/b><\/p>\n<\/blockquote>\n<blockquote>\n<p>\u2022 <span>11:00-12:00 <b>Part II: Meaning as a Function of Display<\/b><\/span><\/p>\n<\/blockquote>\n<blockquote>\n<blockquote>\n<p><span>Moderator: Anne-Catherine Hauglustaine, Coordinator of the Jardin des Sciences, University of Strasbourg Science Museum, Strasbourg, France <a mce_href=\"mailto:hauglustaine@unistra.fr\" href=\"mailto:hauglustaine@unistra.fr\">hauglustaine@unistra.fr<\/a><\/p>\n<p><\/span><span>Speakers: <br \/><\/span><\/p>\n<ul>\n<li>\u00a0Lucie K. Morrisset, Ecole des Sciences et la Gestion, Universit\u00e9 du Qu\u00e9bec \u00e0 Montreal, Canada<\/li>\n<li>Marie-Paule Jungblut, Directeur-adjoint, conservateur au Mus\u00e9e d&#8217;Histoire de la Ville de Luxembourg<\/li>\n<li>Philippe Guillet, Director, Natural History Museum, Orl\u00e9ans, France<\/li>\n<\/ul>\n<\/blockquote>\n<\/blockquote>\n<blockquote>\n<p>\u2022 12:00-14:30 <b>Lunch Break (ICEE Board Meeting)<\/b><\/p>\n<\/blockquote>\n<blockquote>\n<p>\u2022 <span>14:30-17:00<\/span><span> <\/span><i><span><b>Marketplace of Exhibitions and Ideas<\/b><\/span><\/i><\/p>\n<\/blockquote>\n<blockquote>\n<blockquote>\n<p>Moderator: Carina Jaatinen, Exhibition Manager, Espoo City Museum, Finland <a mce_href=\"mailto:carina.jaatinen@espoo.fi\" href=\"mailto:carina.jaatinen@espoo.fi\">carina.jaatinen@espoo.fi<\/a><\/p>\n<\/blockquote>\n<\/blockquote>\n<blockquote>\n<p>\u2022 <span>17:00-18:30<\/span><span> <\/span><span><b>Networking Reception for Marketplace Participants<\/b><\/span><\/p>\n<\/blockquote>\n<p>\u00a0<\/p>\n<p> \t\t<!--  Text: [end] --> \t\t\t<\/div>\n<div><img decoding=\"async\" src=\"http:\/\/icee.mini.icom.museum\/wp-content\/uploads\/sites\/14\/2018\/12\/ThiagoHirai_Pudong_night_01kl.jpg\" alt=\"\"><\/div>\n<\/p><\/div>\n<div><!-- --><\/div>\n<p> \t\t<!--  Image block: [end] --> \t\t\t   \t<!--  \t\tBEGIN: Content of extension \"hpo_relatedlink\", plugin \"tx_hporelatedlink_pi1\"  \t--> \t<\/p>\n<div> \t\t \t<\/div>\n<p> \t \t<!-- END: Content of extension \"hpo_relatedlink\", plugin \"tx_hporelatedlink_pi1\" -->  \t<\/div>\n<p> \t<!--  CONTENT ELEMENT, uid:5612\/textpic [end] --> \t\t<!--TYPO3SEARCH_end--> <\/div>\n","protected":false},"excerpt":{"rendered":"<p>\u00a0 \u00a0 \u00a0 \u00a0 \u00a0 \u00a0 \u00a0 \u00a0\u00a0\u00a0\u00a0\u00a0\u00a0\u00a0\u00a0\u00a0\u00a0\u00a0\u00a0\u00a0\u00a0\u00a0\u00a0\u00a0\u00a0\u00a0\u00a0\u00a0\u00a0\u00a0\u00a0\u00a0\u00a0\u00a0\u00a0\u00a0\u00a0\u00a0\u00a0\u00a0\u00a0\u00a0\u00a0\u00a0\u00a0\u00a0\u00a0\u00a0\u00a0\u00a0\u00a0\u00a0\u00a0\u00a0\u00a0\u00a0\u00a0 ICEE 2010 \u00a0 \u00a0\u00a0\u00a0\u00a0\u00a0\u00a0\u00a0\u00a0\u00a0\u00a0\u00a0\u00a0\u00a0\u00a0\u00a0\u00a0\u00a0\u00a0\u00a0\u00a0\u00a0\u00a0\u00a0\u00a0\u00a0\u00a0\u00a0\u00a0\u00a0\u00a0\u00a0\u00a0\u00a0 Museums for Social Harmony \u00a0\u00a0\u00a0\u00a0\u00a0\u00a0\u00a0\u00a0\u00a0\u00a0\u00a0\u00a0\u00a0\u00a0\u00a0\u00a0\u00a0\u00a0\u00a0\u00a0\u00a0\u00a0\u00a0\u00a0\u00a0\u00a0\u00a0\u00a0\u00a0\u00a0\u00a0\u00a0\u00a0\u00a0\u00a0\u00a0\u00a0\u00a0 November 8-10, 2010 \u00a0\u00a0\u00a0\u00a0\u00a0\u00a0\u00a0\u00a0\u00a0\u00a0\u00a0\u00a0\u00a0\u00a0\u00a0\u00a0\u00a0\u00a0\u00a0\u00a0\u00a0\u00a0\u00a0\u00a0\u00a0\u00a0\u00a0\u00a0\u00a0\u00a0\u00a0\u00a0 \u00a0 \u00a0 \u00a0 \u00a0 SPANISH \u2666 FRENCH \u00a0\u00a0\u00a0\u00a0\u00a0\u00a0\u00a0\u00a0\u00a0\u00a0\u00a0\u00a0\u00a0\u00a0\u00a0\u00a0\u00a0\u00a0\u00a0\u00a0\u00a0\u00a0\u00a0\u00a0\u00a0\u00a0\u00a0\u00a0 \u00a0 \u00a0 \u00a0 \u00a0\u00a0\u00a0\u00a0 &gt;&gt;&gt; pdf-version &lt;&lt;&lt; \u00a0 \u00a0 Monday, November 8, 2010 \u2022 09:00-13:00\u00a0 ICOM General Assembly and Keynote Speeches\u2022 14:30-17:00\u00a0 ICEE Annual Business Meeting [&hellip;]<\/p>\n","protected":false},"author":1,"featured_media":0,"parent":143,"menu_order":15,"comment_status":"closed","ping_status":"closed","template":"","meta":{"footnotes":""},"yst_prominent_words":[],"acf":[],"_links":{"self":[{"href":"https:\/\/icom-exhibitions.mini.icom.museum\/fr\/wp-json\/wp\/v2\/pages\/315"}],"collection":[{"href":"https:\/\/icom-exhibitions.mini.icom.museum\/fr\/wp-json\/wp\/v2\/pages"}],"about":[{"href":"https:\/\/icom-exhibitions.mini.icom.museum\/fr\/wp-json\/wp\/v2\/types\/page"}],"author":[{"embeddable":true,"href":"https:\/\/icom-exhibitions.mini.icom.museum\/fr\/wp-json\/wp\/v2\/users\/1"}],"replies":[{"embeddable":true,"href":"https:\/\/icom-exhibitions.mini.icom.museum\/fr\/wp-json\/wp\/v2\/comments?post=315"}],"version-history":[{"count":1,"href":"https:\/\/icom-exhibitions.mini.icom.museum\/fr\/wp-json\/wp\/v2\/pages\/315\/revisions"}],"predecessor-version":[{"id":464,"href":"https:\/\/icom-exhibitions.mini.icom.museum\/fr\/wp-json\/wp\/v2\/pages\/315\/revisions\/464"}],"up":[{"embeddable":true,"href":"https:\/\/icom-exhibitions.mini.icom.museum\/fr\/wp-json\/wp\/v2\/pages\/143"}],"wp:attachment":[{"href":"https:\/\/icom-exhibitions.mini.icom.museum\/fr\/wp-json\/wp\/v2\/media?parent=315"}],"wp:term":[{"taxonomy":"yst_prominent_words","embeddable":true,"href":"https:\/\/icom-exhibitions.mini.icom.museum\/fr\/wp-json\/wp\/v2\/yst_prominent_words?post=315"}],"curies":[{"name":"wp","href":"https:\/\/api.w.org\/{rel}","templated":true}]}}