{"id":345,"date":"2018-12-28T11:58:22","date_gmt":"2018-12-28T11:58:22","guid":{"rendered":"http:\/\/icee.icom.cust.oxymium.net\/conferences\/conferences-passees\/2007-vienna-creativity-and-scholarship-constructing-meaning-in-exhibitions-2\/"},"modified":"2018-12-28T11:58:52","modified_gmt":"2018-12-28T11:58:52","slug":"2007-vienna-creativity-and-scholarship-constructing-meaning-in-exhibitions-2","status":"publish","type":"page","link":"https:\/\/icom-exhibitions.mini.icom.museum\/fr\/conferences\/conferences-passees\/2007-vienna-creativity-and-scholarship-constructing-meaning-in-exhibitions-2\/","title":{"rendered":"2007 &#8211; Vienna : Creativity and Scholarship: Constructing Meaning in Exhibitions"},"content":{"rendered":"<div id=\"RTE_CONTENT\"> <!--TYPO3SEARCH_begin--> \t<!--  CONTENT ELEMENT, uid:5685\/text [begin] --> \t\t<\/p>\n<div id=\"c5685\"> \t\t<!--  Text: [begin] --> \t\t\t<\/p>\n<hr>\n<h3>Vienna<br \/>August 20-22, 2007<\/h3>\n<p>\u00a0<\/p>\n<h4>Sunday, August 19, 2007<\/h4>\n<ul>\n<li>18:00-20:00 Meet and Greet ICEE Members (&gt;Hotel Maria Theresia &#8211; 6, Kirchberggasse)<\/li>\n<\/ul>\n<p>\u00a0<\/p>\n<h4>Monday, August 20, 2007<\/h4>\n<p>Joint Session with ICTOP<\/p>\n<ul>\n<li>10:00-11:00 Opening and Welcome &#8211; Adresses (&gt;Vienna University, room HS 31)<\/li>\n<\/ul>\n<blockquote>\n<p>\u2022 Angelika Ruge, President of ICTOP<br \/>\u2022 Fran\u00e7ois Tremblay, President of ICEE<br \/>\u2022 Peter Assmann, President of the Austrian Museums Association<br \/>\u2022 ICOM Austria<\/p>\n<\/blockquote>\n<ul>\n<li>11:00-12:30 Session 1: Reinventing the Profession (Chair: Nancy Zinn, The Walters Art Museum, Baltimore &#8211; USA) (&gt;Vienna University, room HS 31)<\/li>\n<\/ul>\n<blockquote>\n<p>\u2022 Martin Segger (University of Victoria &#8211; Canada): Keynote &#8211; Reinventing the profession: The need for change in the education of museum workers, as both institutions of higher learning and museums, undergo profound change to meet the challenges of the 21st century<br \/>\u2022 Discussion<\/p>\n<\/blockquote>\n<ul>\n<li>12:30-14:00 Lunch<\/li>\n<li>14:00-15:15 Session 2: Touring Exhibition Case Studies (Chair: Nicolas Gauvin, Mus\u00e9e Canadien des Civilisations-Hull) (&gt;Vienna University, room HS 31)<\/li>\n<\/ul>\n<blockquote>\n<p>\u2022 Bettina Leidl and Thomas Miessgang (Kunsthalle Wien &#8211; Austria): Art Goes Global<br \/>\u2022 Laurie Winters (Milwaukee Art Museum &#8211; USA): The Biedermeier Exhibition &#8211; Milwaukee, Vienna, Berlin, Paris<br \/>\u2022 Lizzy Cox (Natural History Museum London &#8211; UK): Is Nature Universal?<\/p>\n<\/blockquote>\n<ul>\n<li>15:15-15:30 Break<\/li>\n<li>15:30-17:00 Marketplace of Exhibitions and Ideas (Moderator: Karl-Heinz Ziessow, Open Air Museum Cloppenburg &#8211; for presentations please register at ziessow@ballodora.de) (&gt;Vienna University, room HS 31)<\/li>\n<\/ul>\n<blockquote>\n<p>\u2022 Lizzy Cox (Natural History Museum, London): NHM Traveling Exhibitions &#8211; An Armchair Tour<br \/>\u2022 Peter Els\u00e4sser (expona, Bolzano): Iceman &#8211; The Story of \u00d6tzi<br \/>\u2022 Jan English (American Museum of Natural History, New York): Traveling Exhibitions and International Collaborations<br \/>\u2022 Ariane Karbe (Anne Frank House, Berlin): Anne Frank &#8211; A History for Today<br \/>\u2022 Feng Ying Keng (Tainan National University of the Arts, Taiwan): The Exhibition and Educative Function of Cultural Assets &#8211; Using the Water Resource Restoration Project of Mishima, Japan, as a Model<br \/>\u2022 Sylvie Morel (Canadian Museum of Civilization, Gatineau): Canadian Museum of Civilization Travelling Exhibitions<br \/>\u2022 Jette Sandahl (Te Papa Tongarewa Museum, New Zealand)<br \/>\u2022 Annemieke Schors (National Museum of Antiquities, Leiden): Travelling Exhibitions of the National Museum of Antiquities, the Netherlands<br \/>\u2022 Alex Susanna (expona, Bolzano): Golden Horizon &#8211; Steppe Nomads of the Ucraine<br \/>\u2022 Francois Tremblay (Museum of Civilizations, Qu\u00e9bec)<br \/>\u2022 Nancy Zinn (The Walters Art Museum, Baltimore): New Exhibitions from The Walters Art Museum, Baltimore<\/p>\n<\/blockquote>\n<ul>\n<li>19:00-22:00 Museums: Responsibility in Reflection and Action (Registration closed) (&gt;Austrian National Library &#8211; 1, Josefsplatz)<\/li>\n<\/ul>\n<blockquote>\n<p>\u2022 Gail Dexter Lord (Lord Cultural Resources): Stephen E. Weil Memorial Lecture<br \/>\u2022 Eilean Hooper-Greenhill (University of Leicester, UK): Alma S. Wittlin Memorial Lecture<\/p>\n<\/blockquote>\n<p>\u00a0<\/p>\n<h4>Tuesday, August 21, 2007<\/h4>\n<ul>\n<li>9:30-12:00 Session 3: The International Language of Exhibitions (Chair: John Coppola, International Museum Consultant &#8211; Miami) (&gt;Vienna University)<\/li>\n<\/ul>\n<blockquote>\n<p>\u2022 Martin Sch\u00e4rer (Alimentarium Veyvey, Switzerland &#8211; Vice President of the Executive Council of ICOM): Exhibition, Message and Meaning<br \/>\u2022 Ossama Abdel Meguid (The Nubian Museum, Aswan &#8211; Egypt): Education, Exhibition and Cultural Environment<br \/>\u2022 Udo Goesswald (Museum Neukoelln, Berlin, Germany &#8211; President of ICOM Europe): The New Face of Europe in its Museums<\/p>\n<\/blockquote>\n<ul>\n<li>12:00-14:30 Lunch<\/li>\n<li>14:30-16:30 Session 4: Exhibition Making and the Future of Museum Training (joint session ICTOP, CECA, ICEE, ICOFOM &#8211; Chair: Alissandra Cummins, President of ICOM) (&gt;Vienna University, Auditorium Maximum)<\/li>\n<\/ul>\n<blockquote>\n<p>\u2022 Panel Discussion: The Future of Museum Education and Training (Hadwig Kr\u00e4utler, Austria &#8211; CECA; Helene Larsson, Sweden &#8211; ICEE; M\u00f3nica Risnicoff de Gorgas, Argentina &#8211; ICOFOM; Angelika Ruge, Germany &#8211; ICTOP; Jos\u00e9 Ortiz, USA &#8211; INTERCOM)<\/p>\n<\/blockquote>\n<ul>\n<li>16:30-17:30 ICEE Annual General Meeting (Chairman&#8217;s Report, Treasurer&#8217;s Report, Elections)<\/li>\n<li>19:30-21:30 Reception at the Kunsthalle (&gt;Kunsthalle Wien, Project Space, Treitlstra\u00dfe 2 (tube station &#8220;Karlsplatz&#8221;))<\/li>\n<\/ul>\n<\/p>\n<h3><\/h3>\n<\/p>\n<h4>Wednesday, August 22, 2007<\/h4>\n<ul>\n<li>10:00-13:00 Study Tours<\/li>\n<\/ul>\n<blockquote>\n<p>V\u00f6lkerkundliches Museum (Museum of Ethnography)<br \/>Naturhistorisches Museum (Museum of Natural History)<br \/>Kunsthalle Wien<br \/>Albertina<br \/>Kunsthistorisches Museum<\/p>\n<\/blockquote>\n<ul>\n<li>13:00-14:00 Lunch<\/li>\n<li>14:00-17:00 City Tour &#8220;Vienna Modernism&#8221; (&gt;Start at the University, Main Entrance)<\/li>\n<\/ul>\n<p> <!--  Text: [end] --><!--  \t\tBEGIN: Content of extension \"hpo_relatedlink\", plugin \"tx_hporelatedlink_pi1\"  \t--><\/p>\n<div> \t\t \t<\/div>\n<p> \t \t<!-- END: Content of extension \"hpo_relatedlink\", plugin \"tx_hporelatedlink_pi1\" -->  \t<\/div>\n<p> \t<!--  CONTENT ELEMENT, uid:5685\/text [end] --> \t\t<!--TYPO3SEARCH_end--> <\/div>\n","protected":false},"excerpt":{"rendered":"<p>ViennaAugust 20-22, 2007 \u00a0 Sunday, August 19, 2007 18:00-20:00 Meet and Greet ICEE Members (&gt;Hotel Maria Theresia &#8211; 6, Kirchberggasse) \u00a0 Monday, August 20, 2007 Joint Session with ICTOP 10:00-11:00 Opening and Welcome &#8211; Adresses (&gt;Vienna University, room HS 31) \u2022 Angelika Ruge, President of ICTOP\u2022 Fran\u00e7ois Tremblay, President of ICEE\u2022 Peter Assmann, President of [&hellip;]<\/p>\n","protected":false},"author":1,"featured_media":0,"parent":143,"menu_order":18,"comment_status":"closed","ping_status":"closed","template":"","meta":{"footnotes":""},"yst_prominent_words":[],"acf":[],"_links":{"self":[{"href":"https:\/\/icom-exhibitions.mini.icom.museum\/fr\/wp-json\/wp\/v2\/pages\/345"}],"collection":[{"href":"https:\/\/icom-exhibitions.mini.icom.museum\/fr\/wp-json\/wp\/v2\/pages"}],"about":[{"href":"https:\/\/icom-exhibitions.mini.icom.museum\/fr\/wp-json\/wp\/v2\/types\/page"}],"author":[{"embeddable":true,"href":"https:\/\/icom-exhibitions.mini.icom.museum\/fr\/wp-json\/wp\/v2\/users\/1"}],"replies":[{"embeddable":true,"href":"https:\/\/icom-exhibitions.mini.icom.museum\/fr\/wp-json\/wp\/v2\/comments?post=345"}],"version-history":[{"count":1,"href":"https:\/\/icom-exhibitions.mini.icom.museum\/fr\/wp-json\/wp\/v2\/pages\/345\/revisions"}],"predecessor-version":[{"id":461,"href":"https:\/\/icom-exhibitions.mini.icom.museum\/fr\/wp-json\/wp\/v2\/pages\/345\/revisions\/461"}],"up":[{"embeddable":true,"href":"https:\/\/icom-exhibitions.mini.icom.museum\/fr\/wp-json\/wp\/v2\/pages\/143"}],"wp:attachment":[{"href":"https:\/\/icom-exhibitions.mini.icom.museum\/fr\/wp-json\/wp\/v2\/media?parent=345"}],"wp:term":[{"taxonomy":"yst_prominent_words","embeddable":true,"href":"https:\/\/icom-exhibitions.mini.icom.museum\/fr\/wp-json\/wp\/v2\/yst_prominent_words?post=345"}],"curies":[{"name":"wp","href":"https:\/\/api.w.org\/{rel}","templated":true}]}}